{"id":1319,"date":"2021-11-21T15:14:41","date_gmt":"2021-11-21T15:14:41","guid":{"rendered":"https:\/\/scroccaro.com.br\/?page_id=1319"},"modified":"2023-02-20T18:54:53","modified_gmt":"2023-02-20T18:54:53","slug":"services","status":"publish","type":"page","link":"https:\/\/scroccaro.com.br\/?page_id=1319","title":{"rendered":"Services"},"content":{"rendered":"\t\t<div data-elementor-type=\"wp-page\" data-elementor-id=\"1319\" class=\"elementor elementor-1319\">\n\t\t\t\t\t\t\t\t\t<section class=\"elementor-section elementor-top-section elementor-element elementor-element-83746e8 elementor-section-height-min-height elementor-section-boxed elementor-section-height-default elementor-section-items-middle\" data-id=\"83746e8\" data-element_type=\"section\" data-settings=\"{&quot;background_background&quot;:&quot;classic&quot;}\">\n\t\t\t\t\t\t\t<div class=\"elementor-background-overlay\"><\/div>\n\t\t\t\t\t\t\t<div class=\"elementor-container elementor-column-gap-default\">\n\t\t\t\t\t<div class=\"elementor-column elementor-col-100 elementor-top-column elementor-element elementor-element-09faee3\" data-id=\"09faee3\" data-element_type=\"column\">\n\t\t\t<div class=\"elementor-widget-wrap elementor-element-populated\">\n\t\t\t\t\t\t\t\t<div class=\"elementor-element elementor-element-c7152a9 elementor-widget elementor-widget-heading\" data-id=\"c7152a9\" data-element_type=\"widget\" data-widget_type=\"heading.default\">\n\t\t\t\t<div class=\"elementor-widget-container\">\n\t\t\t<style>\/*! elementor - v3.7.8 - 02-10-2022 *\/\n.elementor-heading-title{padding:0;margin:0;line-height:1}.elementor-widget-heading .elementor-heading-title[class*=elementor-size-]>a{color:inherit;font-size:inherit;line-height:inherit}.elementor-widget-heading .elementor-heading-title.elementor-size-small{font-size:15px}.elementor-widget-heading .elementor-heading-title.elementor-size-medium{font-size:19px}.elementor-widget-heading .elementor-heading-title.elementor-size-large{font-size:29px}.elementor-widget-heading .elementor-heading-title.elementor-size-xl{font-size:39px}.elementor-widget-heading .elementor-heading-title.elementor-size-xxl{font-size:59px}<\/style><h1 class=\"elementor-heading-title elementor-size-default\">Servi\u00e7os<\/h1>\t\t<\/div>\n\t\t\t\t<\/div>\n\t\t\t\t\t<\/div>\n\t\t<\/div>\n\t\t\t\t\t\t\t<\/div>\n\t\t<\/section>\n\t\t\t\t<section class=\"elementor-section elementor-top-section elementor-element elementor-element-a92bf94 elementor-section-boxed elementor-section-height-default elementor-section-height-default\" data-id=\"a92bf94\" data-element_type=\"section\" data-settings=\"{&quot;background_background&quot;:&quot;classic&quot;}\">\n\t\t\t\t\t\t<div class=\"elementor-container elementor-column-gap-default\">\n\t\t\t\t\t<div class=\"elementor-column elementor-col-50 elementor-top-column elementor-element elementor-element-f485586\" data-id=\"f485586\" data-element_type=\"column\">\n\t\t\t<div class=\"elementor-widget-wrap elementor-element-populated\">\n\t\t\t\t\t\t\t\t<div class=\"elementor-element elementor-element-b5d284b elementor-widget elementor-widget-image\" data-id=\"b5d284b\" data-element_type=\"widget\" data-widget_type=\"image.default\">\n\t\t\t\t<div class=\"elementor-widget-container\">\n\t\t\t<style>\/*! elementor - v3.7.8 - 02-10-2022 *\/\n.elementor-widget-image{text-align:center}.elementor-widget-image a{display:inline-block}.elementor-widget-image a img[src$=\".svg\"]{width:48px}.elementor-widget-image img{vertical-align:middle;display:inline-block}<\/style>\t\t\t\t\t\t\t\t\t\t\t\t<img width=\"370\" height=\"500\" src=\"https:\/\/scroccaro.com.br\/wp-content\/uploads\/2021\/11\/service-1.jpg\" class=\"attachment-full size-full\" alt=\"\" loading=\"lazy\" srcset=\"https:\/\/scroccaro.com.br\/wp-content\/uploads\/2021\/11\/service-1.jpg 370w, https:\/\/scroccaro.com.br\/wp-content\/uploads\/2021\/11\/service-1-222x300.jpg 222w\" sizes=\"(max-width: 370px) 100vw, 370px\" \/>\t\t\t\t\t\t\t\t\t\t\t\t\t\t\t<\/div>\n\t\t\t\t<\/div>\n\t\t\t\t\t<\/div>\n\t\t<\/div>\n\t\t\t\t<div class=\"elementor-column elementor-col-50 elementor-top-column elementor-element elementor-element-7d00c84\" data-id=\"7d00c84\" data-element_type=\"column\">\n\t\t\t<div class=\"elementor-widget-wrap elementor-element-populated\">\n\t\t\t\t\t\t\t\t<div class=\"elementor-element elementor-element-8ce1b85 elementor-widget elementor-widget-heading\" data-id=\"8ce1b85\" data-element_type=\"widget\" data-widget_type=\"heading.default\">\n\t\t\t\t<div class=\"elementor-widget-container\">\n\t\t\t<h4 class=\"elementor-heading-title elementor-size-default\">Departamento Cont\u00e1bil<\/h4>\t\t<\/div>\n\t\t\t\t<\/div>\n\t\t\t\t<div class=\"elementor-element elementor-element-c31e03f elementor-widget elementor-widget-text-editor\" data-id=\"c31e03f\" data-element_type=\"widget\" data-widget_type=\"text-editor.default\">\n\t\t\t\t<div class=\"elementor-widget-container\">\n\t\t\t<style>\/*! elementor - v3.7.8 - 02-10-2022 *\/\n.elementor-widget-text-editor.elementor-drop-cap-view-stacked .elementor-drop-cap{background-color:#818a91;color:#fff}.elementor-widget-text-editor.elementor-drop-cap-view-framed .elementor-drop-cap{color:#818a91;border:3px solid;background-color:transparent}.elementor-widget-text-editor:not(.elementor-drop-cap-view-default) .elementor-drop-cap{margin-top:8px}.elementor-widget-text-editor:not(.elementor-drop-cap-view-default) .elementor-drop-cap-letter{width:1em;height:1em}.elementor-widget-text-editor .elementor-drop-cap{float:left;text-align:center;line-height:1;font-size:50px}.elementor-widget-text-editor .elementor-drop-cap-letter{display:inline-block}<\/style>\t\t\t\t<p>Tell your visitor how your service can improve their life. Connect with the problem that they&#8217;re trying to solve and address any objections you think they might have.<\/p><p>\u00a0<\/p><p>What is the biggest benefit your customer will get from this? Keep your target audience in mind.<\/p>\t\t\t\t\t\t<\/div>\n\t\t\t\t<\/div>\n\t\t\t\t\t<\/div>\n\t\t<\/div>\n\t\t\t\t\t\t\t<\/div>\n\t\t<\/section>\n\t\t\t\t<section class=\"elementor-section elementor-top-section elementor-element elementor-element-81b0575 elementor-section-boxed elementor-section-height-default elementor-section-height-default\" data-id=\"81b0575\" data-element_type=\"section\" data-settings=\"{&quot;background_background&quot;:&quot;classic&quot;}\">\n\t\t\t\t\t\t<div class=\"elementor-container elementor-column-gap-default\">\n\t\t\t\t\t<div class=\"elementor-column elementor-col-50 elementor-top-column elementor-element elementor-element-15cfb90\" data-id=\"15cfb90\" data-element_type=\"column\">\n\t\t\t<div class=\"elementor-widget-wrap elementor-element-populated\">\n\t\t\t\t\t\t\t\t<div class=\"elementor-element elementor-element-a26d886 elementor-widget elementor-widget-image\" data-id=\"a26d886\" data-element_type=\"widget\" data-widget_type=\"image.default\">\n\t\t\t\t<div class=\"elementor-widget-container\">\n\t\t\t\t\t\t\t\t\t\t\t\t\t\t\t<img width=\"370\" height=\"500\" src=\"https:\/\/scroccaro.com.br\/wp-content\/uploads\/2021\/11\/service-2.jpg\" class=\"attachment-full size-full\" alt=\"\" loading=\"lazy\" srcset=\"https:\/\/scroccaro.com.br\/wp-content\/uploads\/2021\/11\/service-2.jpg 370w, https:\/\/scroccaro.com.br\/wp-content\/uploads\/2021\/11\/service-2-222x300.jpg 222w\" sizes=\"(max-width: 370px) 100vw, 370px\" \/>\t\t\t\t\t\t\t\t\t\t\t\t\t\t\t<\/div>\n\t\t\t\t<\/div>\n\t\t\t\t\t<\/div>\n\t\t<\/div>\n\t\t\t\t<div class=\"elementor-column elementor-col-50 elementor-top-column elementor-element elementor-element-97c09ce\" data-id=\"97c09ce\" data-element_type=\"column\">\n\t\t\t<div class=\"elementor-widget-wrap elementor-element-populated\">\n\t\t\t\t\t\t\t\t<div class=\"elementor-element elementor-element-cfc6530 elementor-widget elementor-widget-heading\" data-id=\"cfc6530\" data-element_type=\"widget\" data-widget_type=\"heading.default\">\n\t\t\t\t<div class=\"elementor-widget-container\">\n\t\t\t<h4 class=\"elementor-heading-title elementor-size-default\">Departamento Fiscal<\/h4>\t\t<\/div>\n\t\t\t\t<\/div>\n\t\t\t\t<div class=\"elementor-element elementor-element-f06fcd5 elementor-widget elementor-widget-text-editor\" data-id=\"f06fcd5\" data-element_type=\"widget\" data-widget_type=\"text-editor.default\">\n\t\t\t\t<div class=\"elementor-widget-container\">\n\t\t\t\t\t\t\t<p>Tell your visitor how your service can improve their life. Connect with the problem that they&#8217;re trying to solve and address any objections you think they might have.<\/p><p>\u00a0<\/p><p>What is the biggest benefit your customer will get from this? Keep your target audience in mind.<\/p>\t\t\t\t\t\t<\/div>\n\t\t\t\t<\/div>\n\t\t\t\t\t<\/div>\n\t\t<\/div>\n\t\t\t\t\t\t\t<\/div>\n\t\t<\/section>\n\t\t\t\t<section class=\"elementor-section elementor-top-section elementor-element elementor-element-f2400c1 elementor-section-boxed elementor-section-height-default elementor-section-height-default\" data-id=\"f2400c1\" data-element_type=\"section\" data-settings=\"{&quot;background_background&quot;:&quot;classic&quot;}\">\n\t\t\t\t\t\t<div class=\"elementor-container elementor-column-gap-default\">\n\t\t\t\t\t<div class=\"elementor-column elementor-col-50 elementor-top-column elementor-element elementor-element-7609ad3\" data-id=\"7609ad3\" data-element_type=\"column\">\n\t\t\t<div class=\"elementor-widget-wrap elementor-element-populated\">\n\t\t\t\t\t\t\t\t<div class=\"elementor-element elementor-element-3dd6d97 elementor-widget elementor-widget-image\" data-id=\"3dd6d97\" data-element_type=\"widget\" data-widget_type=\"image.default\">\n\t\t\t\t<div class=\"elementor-widget-container\">\n\t\t\t\t\t\t\t\t\t\t\t\t\t\t\t<img width=\"370\" height=\"500\" src=\"https:\/\/scroccaro.com.br\/wp-content\/uploads\/2021\/11\/service-3.jpg\" class=\"attachment-full size-full\" alt=\"\" loading=\"lazy\" srcset=\"https:\/\/scroccaro.com.br\/wp-content\/uploads\/2021\/11\/service-3.jpg 370w, https:\/\/scroccaro.com.br\/wp-content\/uploads\/2021\/11\/service-3-222x300.jpg 222w\" sizes=\"(max-width: 370px) 100vw, 370px\" \/>\t\t\t\t\t\t\t\t\t\t\t\t\t\t\t<\/div>\n\t\t\t\t<\/div>\n\t\t\t\t\t<\/div>\n\t\t<\/div>\n\t\t\t\t<div class=\"elementor-column elementor-col-50 elementor-top-column elementor-element elementor-element-40bfc21\" data-id=\"40bfc21\" data-element_type=\"column\">\n\t\t\t<div class=\"elementor-widget-wrap elementor-element-populated\">\n\t\t\t\t\t\t\t\t<div class=\"elementor-element elementor-element-7cce840 elementor-widget elementor-widget-heading\" data-id=\"7cce840\" data-element_type=\"widget\" data-widget_type=\"heading.default\">\n\t\t\t\t<div class=\"elementor-widget-container\">\n\t\t\t<h4 class=\"elementor-heading-title elementor-size-default\">Departamento de Recursos Humanos<\/h4>\t\t<\/div>\n\t\t\t\t<\/div>\n\t\t\t\t<div class=\"elementor-element elementor-element-18dff64 elementor-widget elementor-widget-text-editor\" data-id=\"18dff64\" data-element_type=\"widget\" data-widget_type=\"text-editor.default\">\n\t\t\t\t<div class=\"elementor-widget-container\">\n\t\t\t\t\t\t\t<p style=\"text-align:justify\">&nbsp; &nbsp; &nbsp;Nosso Escrit\u00f3rio tem a oferecer um servi\u00e7o de RH profissional e sempre\natualizado sempre de acordo com as legisla\u00e7\u00f5es trabalhista e previdenci\u00e1ria,\naconselhando e orientando nossos clientes da melhor forma poss\u00edvel para\ndeixa-los a par de seus deveres e direitos da \u00e1rea.<o:p><\/o:p><\/p><p style=\"text-align:justify\">&nbsp; &nbsp; &nbsp;Realizamos todos os servi\u00e7os burocr\u00e1ticos da esfera, desde a admiss\u00e3o de\nfuncion\u00e1rios at\u00e9, se necess\u00e1ria, sua rescis\u00e3o. Fazemos sempre o poss\u00edvel para\nmanter o cliente atualizado sobre novidades e datas relevantes, sempre\nacompanhando suas necessidades.<o:p><\/o:p><\/p><p>\n\n\n\n<\/p><p style=\"text-align:justify\">&nbsp; &nbsp; &nbsp;Contamos com consultoria jur\u00eddica na \u00e1rea trabalhista e tamb\u00e9m com\nsistema de gest\u00e3o de ponta, nos permitindo entregar o melhor no menor tempo\nposs\u00edvel nas plataformas de comunica\u00e7\u00e3o dispon\u00edveis.<o:p><\/o:p><\/p>\t\t\t\t\t\t<\/div>\n\t\t\t\t<\/div>\n\t\t\t\t\t<\/div>\n\t\t<\/div>\n\t\t\t\t\t\t\t<\/div>\n\t\t<\/section>\n\t\t\t\t\t\t\t<\/div>\n\t\t","protected":false},"excerpt":{"rendered":"<p>Servi\u00e7os Departamento Cont\u00e1bil Tell your visitor how your service can improve their life. Connect with the problem that they&#8217;re trying to solve and address any objections you think they might have. \u00a0 What is the biggest benefit your customer will get from this? Keep your target audience in mind. Departamento Fiscal Tell your visitor how &hellip;<\/p>\n<p class=\"read-more\"> <a class=\"\" href=\"https:\/\/scroccaro.com.br\/?page_id=1319\"> <span class=\"screen-reader-text\">Services<\/span> Leia mais &raquo;<\/a><\/p>\n","protected":false},"author":1,"featured_media":0,"parent":0,"menu_order":0,"comment_status":"closed","ping_status":"closed","template":"","meta":{"site-sidebar-layout":"no-sidebar","site-content-layout":"page-builder","ast-global-header-display":"","ast-main-header-display":"","ast-hfb-above-header-display":"","ast-hfb-below-header-display":"","ast-hfb-mobile-header-display":"","site-post-title":"disabled","ast-breadcrumbs-content":"","ast-featured-img":"disabled","footer-sml-layout":"","theme-transparent-header-meta":"enabled","adv-header-id-meta":"","stick-header-meta":"","header-above-stick-meta":"","header-main-stick-meta":"","header-below-stick-meta":""},"_links":{"self":[{"href":"https:\/\/scroccaro.com.br\/index.php?rest_route=\/wp\/v2\/pages\/1319"}],"collection":[{"href":"https:\/\/scroccaro.com.br\/index.php?rest_route=\/wp\/v2\/pages"}],"about":[{"href":"https:\/\/scroccaro.com.br\/index.php?rest_route=\/wp\/v2\/types\/page"}],"author":[{"embeddable":true,"href":"https:\/\/scroccaro.com.br\/index.php?rest_route=\/wp\/v2\/users\/1"}],"replies":[{"embeddable":true,"href":"https:\/\/scroccaro.com.br\/index.php?rest_route=%2Fwp%2Fv2%2Fcomments&post=1319"}],"version-history":[{"count":25,"href":"https:\/\/scroccaro.com.br\/index.php?rest_route=\/wp\/v2\/pages\/1319\/revisions"}],"predecessor-version":[{"id":1445,"href":"https:\/\/scroccaro.com.br\/index.php?rest_route=\/wp\/v2\/pages\/1319\/revisions\/1445"}],"wp:attachment":[{"href":"https:\/\/scroccaro.com.br\/index.php?rest_route=%2Fwp%2Fv2%2Fmedia&parent=1319"}],"curies":[{"name":"wp","href":"https:\/\/api.w.org\/{rel}","templated":true}]}}